{"id":3744,"date":"2025-12-19T10:26:04","date_gmt":"2025-12-19T03:26:04","guid":{"rendered":"https:\/\/linkweldthailand.com\/product\/%e0%b9%80%e0%b8%84%e0%b8%a3%e0%b8%b7%e0%b9%88%e0%b8%ad%e0%b8%87%e0%b9%80%e0%b8%8a%e0%b8%b7%e0%b9%88%e0%b8%ad%e0%b8%a1%e0%b8%97%e0%b9%88%e0%b8%ad%e0%b8%ad%e0%b8%b1%e0%b8%95%e0%b9%82%e0%b8%99%e0%b8%a1-9\/"},"modified":"2026-03-11T12:10:41","modified_gmt":"2026-03-11T05:10:41","slug":"weld-heads-800-series","status":"publish","type":"product","link":"https:\/\/linkweldthailand.com\/en\/product\/weld-heads-800-series\/","title":{"rendered":"WELD HEADS 800 Series"},"content":{"rendered":"<p data-start=\"75\" data-end=\"102\"><strong data-start=\"75\" data-end=\"100\">Features : <\/strong><\/p>\n<p>\u2022 Collets for all tube sizes\/fitting geometries.<br \/>\n\u2022 Waterproof carry case standard.<br \/>\n\u2022 Bench mount bracket.<br \/>\n\u2022 Internal weld head cooling standard.<br \/>\n\u2022 Convenient flip-up view port allows final inspection before welding.<br \/>\n\u2022 Encoder motors provide precise, repeatable speed regulation.<br \/>\n\u2022 \u201cJam\u201d detection\/protection. If rotation stops for any reason, it is instantly sensed and power to the motor is immediately interrupted. No more damaged motors or drive trains<br \/>\n\u2022 Standard 8 m [25\u2032] hose pack lenght.<br \/>\n\u2022 New rotation drive design tolerant of metal debris.<br \/>\n\u2022 \u201cHome\u201d position switch automatically readis the head for removal following weldcompletion, and never requires adjustment.<br \/>\n\u2022 Simple assembly makes field service straightforward.<\/p>\n<p><strong>Specifications : <\/strong><\/p>\n<p><img decoding=\"async\" class=\"aligncenter size-full wp-image-12944 cbio-above-fold\" src=\"https:\/\/linkweldthailand.com\/wp-content\/uploads\/2025\/12\/orbital-800.webp\" alt=\"\" width=\"1013\" height=\"563\" srcset=\"https:\/\/linkweldthailand.com\/wp-content\/uploads\/2025\/12\/orbital-800.webp 1013w, https:\/\/linkweldthailand.com\/wp-content\/uploads\/2025\/12\/orbital-800-980x545.webp 980w, https:\/\/linkweldthailand.com\/wp-content\/uploads\/2025\/12\/orbital-800-480x267.webp 480w\" sizes=\"(min-width: 0px) and (max-width: 480px) 480px, (min-width: 481px) and (max-width: 980px) 980px, (min-width: 981px) 1013px, 100vw\" \/><\/p>\n<p>&nbsp;<\/p>\n","protected":false},"excerpt":{"rendered":"<p><span style=\"font-size: 110%;\">(\u00d83 &#8211; \u00d816mm.) (\u00d83 &#8211; \u00d825mm.) (\u00d86 &#8211; \u00d851mm.)\u00a0 (\u00d89 &#8211; \u00d875mm.) (\u00d812 &#8211; \u00d8102mm.) (\u00d850 &#8211; \u00d8152.4mm.)\u00a0<\/span><\/p>\n<p><iframe loading=\"lazy\" \n  width=\"1252\" \n  height=\"704\" \n  src=\"https:\/\/www.youtube.com\/embed\/NG94OQaO9sY?autoplay=1&#038;mute=1&#038;loop=1&#038;playlist=NG94OQaO9sY\" \ntitle=\"\u0e40\u0e04\u0e23\u0e37\u0e48\u0e2d\u0e07\u0e40\u0e0a\u0e37\u0e48\u0e2d\u0e21\u0e17\u0e48\u0e2d\u0e2d\u0e31\u0e15\u0e42\u0e19\u0e21\u0e31\u0e15\u0e34\u0e04\u0e38\u0e13\u0e20\u0e32\u0e1e\u0e2a\u0e39\u0e07\u0e08\u0e32\u0e01\u0e2a\u0e2b\u0e23\u0e31\u0e10\u0e2d\u0e40\u0e21\u0e23\u0e34\u0e01\u0e32 Magnatech \u0e23\u0e38\u0e48\u0e19 EZ Orbital Welding\"\n  frameborder=\"0\" \n  allow=\"accelerometer; autoplay; clipboard-write; encrypted-media; gyroscope; picture-in-picture; web-share\" \n  allow=\"autoplay; fullscreen\"\n  referrerpolicy=\"strict-origin-when-cross-origin\" \n  allowfullscreen><br \/>\n<\/iframe><\/p>\n","protected":false},"featured_media":3063,"template":"","meta":{"_et_pb_use_builder":"","_et_pb_old_content":"","_et_gb_content_width":""},"product_brand":[297],"product_cat":[167,155],"product_tag":[],"class_list":{"0":"post-3744","1":"product","2":"type-product","3":"status-publish","4":"has-post-thumbnail","6":"product_brand-magnatech","7":"product_cat-fusion-welding","8":"product_cat-orbital-welding","10":"first","11":"instock","12":"shipping-taxable","13":"product-type-simple"},"aioseo_notices":[],"_links":{"self":[{"href":"https:\/\/linkweldthailand.com\/en\/wp-json\/wp\/v2\/product\/3744","targetHints":{"allow":["GET"]}}],"collection":[{"href":"https:\/\/linkweldthailand.com\/en\/wp-json\/wp\/v2\/product"}],"about":[{"href":"https:\/\/linkweldthailand.com\/en\/wp-json\/wp\/v2\/types\/product"}],"wp:featuredmedia":[{"embeddable":true,"href":"https:\/\/linkweldthailand.com\/en\/wp-json\/wp\/v2\/media\/3063"}],"wp:attachment":[{"href":"https:\/\/linkweldthailand.com\/en\/wp-json\/wp\/v2\/media?parent=3744"}],"wp:term":[{"taxonomy":"product_brand","embeddable":true,"href":"https:\/\/linkweldthailand.com\/en\/wp-json\/wp\/v2\/product_brand?post=3744"},{"taxonomy":"product_cat","embeddable":true,"href":"https:\/\/linkweldthailand.com\/en\/wp-json\/wp\/v2\/product_cat?post=3744"},{"taxonomy":"product_tag","embeddable":true,"href":"https:\/\/linkweldthailand.com\/en\/wp-json\/wp\/v2\/product_tag?post=3744"}],"curies":[{"name":"wp","href":"https:\/\/api.w.org\/{rel}","templated":true}]}}